{"id":424,"date":"2024-11-16T12:54:43","date_gmt":"2024-11-16T11:54:43","guid":{"rendered":"https:\/\/mn3belfort.fr\/?page_id=424"},"modified":"2025-08-24T20:51:33","modified_gmt":"2025-08-24T18:51:33","slug":"architectes-de-nos-reves","status":"publish","type":"page","link":"https:\/\/mn3belfort.fr\/?page_id=424","title":{"rendered":"Architectes de nos r\u00eaves"},"content":{"rendered":"\n<p>Po\u00e8te, interpr\u00e8te : <strong>Ang\u00e8le Casanova<\/strong><\/p>\n\n\n\n<p class=\"has-text-align-left\">Compositrice, interpr\u00e8te (harpe) : <strong>S\u00e9verine Nest<\/strong><\/p>\n\n\n\n<p>Visuel : <strong>Tache macules<\/strong><\/p>\n\n\n\n<p>Accessoire : <strong>Chlo\u00e9 Bilger<\/strong><\/p>\n\n\n\n<figure class=\"wp-block-gallery has-nested-images columns-default is-cropped wp-block-gallery-1 is-layout-flex wp-block-gallery-is-layout-flex\">\n<figure class=\"wp-block-image size-large\"><img loading=\"lazy\" decoding=\"async\" width=\"600\" height=\"407\" data-id=\"453\" src=\"https:\/\/mn3belfort.fr\/wp-content\/uploads\/2024\/11\/IMG_4793-600x407.jpg\" alt=\"\" class=\"wp-image-453\" srcset=\"https:\/\/mn3belfort.fr\/wp-content\/uploads\/2024\/11\/IMG_4793-600x407.jpg 600w, https:\/\/mn3belfort.fr\/wp-content\/uploads\/2024\/11\/IMG_4793-300x203.jpg 300w, https:\/\/mn3belfort.fr\/wp-content\/uploads\/2024\/11\/IMG_4793-768x521.jpg 768w, https:\/\/mn3belfort.fr\/wp-content\/uploads\/2024\/11\/IMG_4793-1536x1041.jpg 1536w, https:\/\/mn3belfort.fr\/wp-content\/uploads\/2024\/11\/IMG_4793-2048x1388.jpg 2048w\" sizes=\"auto, (max-width: 600px) 100vw, 600px\" \/><\/figure>\n\n\n\n<figure class=\"wp-block-image size-large\"><img loading=\"lazy\" decoding=\"async\" width=\"600\" height=\"597\" data-id=\"1228\" src=\"http:\/\/mn3belfort.fr\/wp-content\/uploads\/2025\/08\/Lune-bleue-par-Tache-macules-600x597.jpg\" alt=\"\" class=\"wp-image-1228\" srcset=\"https:\/\/mn3belfort.fr\/wp-content\/uploads\/2025\/08\/Lune-bleue-par-Tache-macules-600x597.jpg 600w, https:\/\/mn3belfort.fr\/wp-content\/uploads\/2025\/08\/Lune-bleue-par-Tache-macules-300x298.jpg 300w, https:\/\/mn3belfort.fr\/wp-content\/uploads\/2025\/08\/Lune-bleue-par-Tache-macules-150x150.jpg 150w, https:\/\/mn3belfort.fr\/wp-content\/uploads\/2025\/08\/Lune-bleue-par-Tache-macules-768x764.jpg 768w, https:\/\/mn3belfort.fr\/wp-content\/uploads\/2025\/08\/Lune-bleue-par-Tache-macules-1536x1527.jpg 1536w, https:\/\/mn3belfort.fr\/wp-content\/uploads\/2025\/08\/Lune-bleue-par-Tache-macules-2048x2037.jpg 2048w, https:\/\/mn3belfort.fr\/wp-content\/uploads\/2025\/08\/Lune-bleue-par-Tache-macules-100x100.jpg 100w\" sizes=\"auto, (max-width: 600px) 100vw, 600px\" \/><\/figure>\n<\/figure>\n\n\n\n<p class=\"has-text-align-center\"><\/p>\n\n\n\n<p><\/p>\n\n\n\n<p>Nous proposons des lectures musicales pour les enfants. <strong><em>Ronde galette brillante<\/em><\/strong> est notre premier spectacle.<\/p>\n\n\n\n<div class=\"wp-block-buttons is-layout-flex wp-block-buttons-is-layout-flex\"><\/div>\n\n\n\n<div class=\"wp-block-buttons is-layout-flex wp-block-buttons-is-layout-flex\">\n<div class=\"wp-block-button\"><a class=\"wp-block-button__link wp-element-button\" href=\"https:\/\/www.calameo.com\/read\/0077813892797817b2279\" target=\"_blank\" rel=\"noreferrer noopener\">Fiche technique<\/a><\/div>\n\n\n\n<div class=\"wp-block-button\"><a class=\"wp-block-button__link wp-element-button\" href=\"https:\/\/mn3belfort.fr\/?page_id=1178\" target=\"_blank\" rel=\"noreferrer noopener\">Fiche tarifaire<\/a><\/div>\n\n\n\n<div class=\"wp-block-button\"><a class=\"wp-block-button__link wp-element-button\" href=\"https:\/\/mn3belfort.fr\/?page_id=1227\" target=\"_blank\" rel=\"noreferrer noopener\">D\u00e9cor et accessoire <\/a><\/div>\n\n\n\n<div class=\"wp-block-button\"><a class=\"wp-block-button__link wp-element-button\" href=\"https:\/\/mn3belfort.fr\/?page_id=1083\" target=\"_blank\" rel=\"noreferrer noopener\">Dates de concert<\/a><\/div>\n\n\n\n<div class=\"wp-block-button\"><a class=\"wp-block-button__link wp-element-button\" href=\"https:\/\/mn3belfort.fr\/?page_id=1248\" target=\"_blank\" rel=\"noreferrer noopener\">Revue de presse<\/a><\/div>\n<\/div>\n\n\n\n<p><\/p>\n\n\n\n<div class=\"wp-block-cover is-light\"><img loading=\"lazy\" decoding=\"async\" width=\"600\" height=\"600\" class=\"wp-block-cover__image-background wp-image-1220 size-large\" alt=\"\" src=\"http:\/\/mn3belfort.fr\/wp-content\/uploads\/2025\/08\/493703528_122131657250621677_5087755840248792363_n-600x600.jpg\" data-object-fit=\"cover\" srcset=\"https:\/\/mn3belfort.fr\/wp-content\/uploads\/2025\/08\/493703528_122131657250621677_5087755840248792363_n-600x600.jpg 600w, https:\/\/mn3belfort.fr\/wp-content\/uploads\/2025\/08\/493703528_122131657250621677_5087755840248792363_n-300x300.jpg 300w, https:\/\/mn3belfort.fr\/wp-content\/uploads\/2025\/08\/493703528_122131657250621677_5087755840248792363_n-150x150.jpg 150w, https:\/\/mn3belfort.fr\/wp-content\/uploads\/2025\/08\/493703528_122131657250621677_5087755840248792363_n-768x768.jpg 768w, https:\/\/mn3belfort.fr\/wp-content\/uploads\/2025\/08\/493703528_122131657250621677_5087755840248792363_n-100x100.jpg 100w, https:\/\/mn3belfort.fr\/wp-content\/uploads\/2025\/08\/493703528_122131657250621677_5087755840248792363_n.jpg 1280w\" sizes=\"auto, (max-width: 600px) 100vw, 600px\" \/><span aria-hidden=\"true\" class=\"wp-block-cover__background has-background-dim\" style=\"background-color:#989093\"><\/span><div class=\"wp-block-cover__inner-container is-layout-constrained wp-block-cover-is-layout-constrained\">\n<p class=\"has-text-align-center has-large-font-size\">SPECTACLE JEUNE PUBLIC<\/p>\n\n\n\n<p class=\"has-text-align-center has-large-font-size\">RONDE GALETTE BRILLANTE<\/p>\n<\/div><\/div>\n\n\n\n<div class=\"wp-block-columns is-layout-flex wp-container-core-columns-is-layout-9d6595d7 wp-block-columns-is-layout-flex\">\n<div class=\"wp-block-column is-layout-flow wp-block-column-is-layout-flow\">\n<p><\/p>\n\n\n\n<p><\/p>\n\n\n\n<p><strong>Dur\u00e9e : 30 min.<\/strong><\/p>\n\n\n\n<p><strong>\u00c0 partir de 5 ans<\/strong><\/p>\n\n\n\n<p><\/p>\n\n\n\n<p>Lecture, notamment, d&rsquo;une version adapt\u00e9e du livre de po\u00e9sie jeunesse <em><strong>Glace<\/strong><\/em> (po\u00e8mes <strong>Ang\u00e8le Casanova<\/strong>, dessins <strong>Sarah Battaglia<\/strong>, <strong>\u00e9ditions Lanskine<\/strong>, 2020)<\/p>\n\n\n\n<p><\/p>\n\n\n\n<p>Les notes l\u00e9g\u00e8res, \u00e9th\u00e9r\u00e9es, de la harpe de S\u00e9verine soulignent la r\u00eaverie et la malice des textes d\u2019Ang\u00e8le, qui parlent de neige, d\u2019enfance, de contes, et de gourmandise. <\/p>\n\n\n\n<p><\/p>\n\n\n\n<p>Pour d\u00e9couvrir la po\u00e9sie tout en douceur.<\/p>\n<\/div>\n\n\n\n<div class=\"wp-block-column is-layout-flow wp-block-column-is-layout-flow\">\n<p><\/p>\n\n\n\n<p><\/p>\n\n\n\n<p><strong>Po\u00e9tesse, autrice, Ang\u00e8le Casanova <\/strong>a publi\u00e9 6 livres \u00e0 ce jour, \u00e0 destination des enfants comme des adultes. Elle cr\u00e9e \u00e9galement des livres d\u2019artistes, participe \u00e0 des expositions, propose des lectures \u00e0 voix haute, des performances artistiques ainsi que des ateliers d\u2019\u00e9criture, essentiellement dans le Territoire de Belfort. Le Magasin num\u00e9ro 3 (MN3) est son atelier d\u2019artiste. <\/p>\n\n\n\n<p><strong>Sculpteur et musicienne, S\u00e9verine Nest <\/strong>participe \u00e0 de nombreux projets dans la r\u00e9gion : des expositions, des boutiques de cr\u00e9ateurs, des commandes d&rsquo;\u0153uvres pour des particuliers et des collectivit\u00e9s, la cr\u00e9ation de contes musicaux, des concerts de musiques improvis\u00e9es, l\u2019animation d&rsquo;ateliers de pratiques artistiques pour diff\u00e9rents publics.<\/p>\n<\/div>\n<\/div>\n\n\n\n<figure class=\"wp-block-embed is-type-video is-provider-youtube wp-block-embed-youtube wp-embed-aspect-16-9 wp-has-aspect-ratio\"><div class=\"wp-block-embed__wrapper\">\n<iframe loading=\"lazy\" title=\"ARCHITECTES DE NOS R\u00caVES, spectacle &quot;Ronde galette brillante&quot;\" width=\"525\" height=\"295\" src=\"https:\/\/www.youtube.com\/embed\/SmkG_3w1dOI?feature=oembed\" frameborder=\"0\" allow=\"accelerometer; autoplay; clipboard-write; encrypted-media; gyroscope; picture-in-picture; web-share\" referrerpolicy=\"strict-origin-when-cross-origin\" allowfullscreen><\/iframe>\n<\/div><\/figure>\n\n\n\n<figure class=\"wp-block-embed is-type-video is-provider-youtube wp-block-embed-youtube wp-embed-aspect-16-9 wp-has-aspect-ratio\"><div class=\"wp-block-embed__wrapper\">\n<iframe loading=\"lazy\" title=\"&quot;Ronde galette brillante&quot;, une lecture musicale par Architectes de nos r\u00eaves\" width=\"525\" height=\"295\" src=\"https:\/\/www.youtube.com\/embed\/Cm3KCnHUshI?start=46&#038;feature=oembed\" frameborder=\"0\" allow=\"accelerometer; autoplay; clipboard-write; encrypted-media; gyroscope; picture-in-picture; web-share\" referrerpolicy=\"strict-origin-when-cross-origin\" allowfullscreen><\/iframe>\n<\/div><\/figure>\n\n\n\n<p><\/p>\n","protected":false},"excerpt":{"rendered":"<p>Po\u00e8te, interpr\u00e8te : Ang\u00e8le Casanova Compositrice, interpr\u00e8te (harpe) : S\u00e9verine Nest Visuel : Tache macules Accessoire : Chlo\u00e9 Bilger Nous proposons des lectures musicales pour les enfants. Ronde galette brillante est notre premier spectacle. Dur\u00e9e : 30 min. \u00c0 partir de 5 ans Lecture, notamment, d&rsquo;une version adapt\u00e9e du livre de po\u00e9sie jeunesse Glace (po\u00e8mes &hellip; <\/p>\n<p class=\"link-more\"><a href=\"https:\/\/mn3belfort.fr\/?page_id=424\" class=\"more-link\">Continuer la lecture<span class=\"screen-reader-text\"> de &laquo;&nbsp;Architectes de nos r\u00eaves&nbsp;&raquo;<\/span><\/a><\/p>\n","protected":false},"author":1,"featured_media":0,"parent":0,"menu_order":0,"comment_status":"closed","ping_status":"closed","template":"","meta":{"footnotes":""},"class_list":["post-424","page","type-page","status-publish","hentry"],"_links":{"self":[{"href":"https:\/\/mn3belfort.fr\/index.php?rest_route=\/wp\/v2\/pages\/424","targetHints":{"allow":["GET"]}}],"collection":[{"href":"https:\/\/mn3belfort.fr\/index.php?rest_route=\/wp\/v2\/pages"}],"about":[{"href":"https:\/\/mn3belfort.fr\/index.php?rest_route=\/wp\/v2\/types\/page"}],"author":[{"embeddable":true,"href":"https:\/\/mn3belfort.fr\/index.php?rest_route=\/wp\/v2\/users\/1"}],"replies":[{"embeddable":true,"href":"https:\/\/mn3belfort.fr\/index.php?rest_route=%2Fwp%2Fv2%2Fcomments&post=424"}],"version-history":[{"count":49,"href":"https:\/\/mn3belfort.fr\/index.php?rest_route=\/wp\/v2\/pages\/424\/revisions"}],"predecessor-version":[{"id":1260,"href":"https:\/\/mn3belfort.fr\/index.php?rest_route=\/wp\/v2\/pages\/424\/revisions\/1260"}],"wp:attachment":[{"href":"https:\/\/mn3belfort.fr\/index.php?rest_route=%2Fwp%2Fv2%2Fmedia&parent=424"}],"curies":[{"name":"wp","href":"https:\/\/api.w.org\/{rel}","templated":true}]}}