{"id":368,"date":"2024-10-20T15:40:38","date_gmt":"2024-10-20T13:40:38","guid":{"rendered":"https:\/\/mn3belfort.fr\/?page_id=368"},"modified":"2025-09-27T09:16:12","modified_gmt":"2025-09-27T07:16:12","slug":"ateliers-parents-enfants","status":"publish","type":"page","link":"https:\/\/mn3belfort.fr\/?page_id=368","title":{"rendered":"Ateliers parents \/ enfants"},"content":{"rendered":"\n<figure class=\"wp-block-embed is-type-video is-provider-youtube wp-block-embed-youtube wp-embed-aspect-16-9 wp-has-aspect-ratio\"><div class=\"wp-block-embed__wrapper\">\n<iframe loading=\"lazy\" title=\"Les ateliers cr\u00e9atifs du MN3 !\" width=\"525\" height=\"295\" src=\"https:\/\/www.youtube.com\/embed\/GQ5wgGVEPqQ?feature=oembed\" frameborder=\"0\" allow=\"accelerometer; autoplay; clipboard-write; encrypted-media; gyroscope; picture-in-picture; web-share\" referrerpolicy=\"strict-origin-when-cross-origin\" allowfullscreen><\/iframe>\n<\/div><\/figure>\n\n\n\n<p><\/p>\n\n\n\n<p><strong>HORAIRES<\/strong><\/p>\n\n\n\n<p><strong>Ateliers th\u00e9matiques<\/strong><\/p>\n\n\n\n<ul class=\"wp-block-list\">\n<li>un atelier th\u00e9matique propos\u00e9 sur un ou deux mois, avec plusieurs cr\u00e9neaux possibles<\/li>\n\n\n\n<li>possibilit\u00e9 de choisir un autre atelier th\u00e9matique dans le \u00ab\u00a0menu\u00a0\u00bb du MN3<\/li>\n\n\n\n<li>sur rendez-vous<\/li>\n<\/ul>\n\n\n\n<p>J&rsquo;ai constat\u00e9 que les personnes int\u00e9ress\u00e9es ne sont jamais disponibles les jours planifi\u00e9s pour les ateliers. Je vous propose donc des modalit\u00e9s plus souples. Vous m&rsquo;appelez pour r\u00e9server, et nous prenons rendez-vous !<\/p>\n\n\n\n<p><\/p>\n\n\n\n<p><strong>TARIFS<\/strong><\/p>\n\n\n\n<p><strong>Ateliers th\u00e9matiques<\/strong> (par personne participant \u00e0 l&rsquo;atelier)<\/p>\n\n\n\n<ul class=\"wp-block-list\">\n<li>1 s\u00e9ance : 20\u20ac<\/li>\n\n\n\n<li>3 s\u00e9ances : 60\u20ac<\/li>\n\n\n\n<li>6 s\u00e9ances : 120\u20ac<\/li>\n\n\n\n<li>10 s\u00e9ances : 200\u20ac<\/li>\n<\/ul>\n\n\n\n<p><strong>\u00c9tudiants et personnes \u00e0 faibles revenus<\/strong><\/p>\n\n\n\n<p>Sur pr\u00e9sentation de justificatifs, une r\u00e9duction de 20&nbsp;% est appliqu\u00e9e.<\/p>\n\n\n\n<div class=\"wp-block-buttons is-layout-flex wp-block-buttons-is-layout-flex\">\n<div class=\"wp-block-button\"><a class=\"wp-block-button__link wp-element-button\" href=\"https:\/\/drive.google.com\/file\/d\/1dgHiOu2H5iKmazjm2nv9ctNoWOjfxgf_\/view?usp=sharing\" target=\"_blank\" rel=\"noreferrer noopener\">Fiche d&rsquo;inscription adulte<\/a><\/div>\n\n\n\n<div class=\"wp-block-button\"><a class=\"wp-block-button__link wp-element-button\" href=\"https:\/\/drive.google.com\/file\/d\/11JZg00HYvTcqx0T6SyO8ZUOSz94-QZSW\/view?usp=sharing\" target=\"_blank\" rel=\"noreferrer noopener\">Fiche d&rsquo;inscription enfant<\/a><\/div>\n\n\n\n<div class=\"wp-block-button\"><a class=\"wp-block-button__link wp-element-button\" href=\"https:\/\/magasinnumero3.bigcartel.com\/\" target=\"_blank\" rel=\"noreferrer noopener\">Acheter une s\u00e9ance<\/a><\/div>\n<\/div>\n\n\n\n<p><\/p>\n\n\n\n<p><\/p>\n","protected":false},"excerpt":{"rendered":"<p>HORAIRES Ateliers th\u00e9matiques J&rsquo;ai constat\u00e9 que les personnes int\u00e9ress\u00e9es ne sont jamais disponibles les jours planifi\u00e9s pour les ateliers. Je vous propose donc des modalit\u00e9s plus souples. Vous m&rsquo;appelez pour r\u00e9server, et nous prenons rendez-vous ! TARIFS Ateliers th\u00e9matiques (par personne participant \u00e0 l&rsquo;atelier) \u00c9tudiants et personnes \u00e0 faibles revenus Sur pr\u00e9sentation de justificatifs, une &hellip; <\/p>\n<p class=\"link-more\"><a href=\"https:\/\/mn3belfort.fr\/?page_id=368\" class=\"more-link\">Continuer la lecture<span class=\"screen-reader-text\"> de &laquo;&nbsp;Ateliers parents \/ enfants&nbsp;&raquo;<\/span><\/a><\/p>\n","protected":false},"author":1,"featured_media":0,"parent":0,"menu_order":0,"comment_status":"closed","ping_status":"closed","template":"","meta":{"footnotes":""},"class_list":["post-368","page","type-page","status-publish","hentry"],"_links":{"self":[{"href":"https:\/\/mn3belfort.fr\/index.php?rest_route=\/wp\/v2\/pages\/368","targetHints":{"allow":["GET"]}}],"collection":[{"href":"https:\/\/mn3belfort.fr\/index.php?rest_route=\/wp\/v2\/pages"}],"about":[{"href":"https:\/\/mn3belfort.fr\/index.php?rest_route=\/wp\/v2\/types\/page"}],"author":[{"embeddable":true,"href":"https:\/\/mn3belfort.fr\/index.php?rest_route=\/wp\/v2\/users\/1"}],"replies":[{"embeddable":true,"href":"https:\/\/mn3belfort.fr\/index.php?rest_route=%2Fwp%2Fv2%2Fcomments&post=368"}],"version-history":[{"count":14,"href":"https:\/\/mn3belfort.fr\/index.php?rest_route=\/wp\/v2\/pages\/368\/revisions"}],"predecessor-version":[{"id":1310,"href":"https:\/\/mn3belfort.fr\/index.php?rest_route=\/wp\/v2\/pages\/368\/revisions\/1310"}],"wp:attachment":[{"href":"https:\/\/mn3belfort.fr\/index.php?rest_route=%2Fwp%2Fv2%2Fmedia&parent=368"}],"curies":[{"name":"wp","href":"https:\/\/api.w.org\/{rel}","templated":true}]}}