{"id":147,"date":"2024-09-03T20:09:36","date_gmt":"2024-09-03T18:09:36","guid":{"rendered":"https:\/\/mn3belfort.fr\/?page_id=147"},"modified":"2024-11-17T18:18:33","modified_gmt":"2024-11-17T17:18:33","slug":"accessibilite","status":"publish","type":"page","link":"https:\/\/mn3belfort.fr\/?page_id=147","title":{"rendered":"Accessibilit\u00e9"},"content":{"rendered":"\n<figure class=\"wp-block-gallery has-nested-images columns-default is-cropped wp-block-gallery-1 is-layout-flex wp-block-gallery-is-layout-flex\">\n<figure class=\"wp-block-image size-large\"><img loading=\"lazy\" decoding=\"async\" width=\"450\" height=\"600\" data-id=\"585\" src=\"https:\/\/mn3belfort.fr\/wp-content\/uploads\/2024\/11\/462474974_549944730895446_7393377483150556388_n-450x600.jpg\" alt=\"\" class=\"wp-image-585\" srcset=\"https:\/\/mn3belfort.fr\/wp-content\/uploads\/2024\/11\/462474974_549944730895446_7393377483150556388_n-450x600.jpg 450w, https:\/\/mn3belfort.fr\/wp-content\/uploads\/2024\/11\/462474974_549944730895446_7393377483150556388_n-225x300.jpg 225w, https:\/\/mn3belfort.fr\/wp-content\/uploads\/2024\/11\/462474974_549944730895446_7393377483150556388_n-768x1024.jpg 768w, https:\/\/mn3belfort.fr\/wp-content\/uploads\/2024\/11\/462474974_549944730895446_7393377483150556388_n-1152x1536.jpg 1152w, https:\/\/mn3belfort.fr\/wp-content\/uploads\/2024\/11\/462474974_549944730895446_7393377483150556388_n.jpg 1200w\" sizes=\"auto, (max-width: 450px) 100vw, 450px\" \/><\/figure>\n\n\n\n<figure class=\"wp-block-image size-large\"><img loading=\"lazy\" decoding=\"async\" width=\"450\" height=\"600\" data-id=\"592\" src=\"https:\/\/mn3belfort.fr\/wp-content\/uploads\/2024\/11\/462910896_555625683660684_3693598629080570844_n-450x600.jpg\" alt=\"\" class=\"wp-image-592\" srcset=\"https:\/\/mn3belfort.fr\/wp-content\/uploads\/2024\/11\/462910896_555625683660684_3693598629080570844_n-450x600.jpg 450w, https:\/\/mn3belfort.fr\/wp-content\/uploads\/2024\/11\/462910896_555625683660684_3693598629080570844_n-225x300.jpg 225w, https:\/\/mn3belfort.fr\/wp-content\/uploads\/2024\/11\/462910896_555625683660684_3693598629080570844_n-768x1024.jpg 768w, https:\/\/mn3belfort.fr\/wp-content\/uploads\/2024\/11\/462910896_555625683660684_3693598629080570844_n-1152x1536.jpg 1152w, https:\/\/mn3belfort.fr\/wp-content\/uploads\/2024\/11\/462910896_555625683660684_3693598629080570844_n.jpg 1536w\" sizes=\"auto, (max-width: 450px) 100vw, 450px\" \/><\/figure>\n<\/figure>\n\n\n\n<h1 class=\"wp-block-heading\"><strong>PERSONNES PSH (en situation de handicap)<\/strong><\/h1>\n\n\n\n<p>L&rsquo;ERP est accessible aux personnes PSH, \u00e0 l&rsquo;exception des personnes PMR (\u00e0 mobilit\u00e9 r\u00e9duite). <\/p>\n\n\n\n<p>Le personnel est sensibilis\u00e9 \u00e0 l&rsquo;accessibilit\u00e9, et s&rsquo;engage \u00e0 suivre une formation \u00e0 ce sujet.<\/p>\n\n\n\n<p>Le registre d&rsquo;accessibilit\u00e9 de l&rsquo;ERP est disponible sur demande.<\/p>\n\n\n\n<p>Les dispositions suivantes ont \u00e9t\u00e9 prises :<\/p>\n\n\n\n<ul class=\"wp-block-list\">\n<li>L&rsquo;entr\u00e9e se fait sur sonnette, avec accompagnement individuel du public via les communs. Les escaliers des communs sont \u00e9quip\u00e9s d&rsquo;une bande podotactile, de nez de marches et de contremarches.<\/li>\n\n\n\n<li>La main-courante de l&rsquo;escalier a \u00e9t\u00e9 \u00e9quip\u00e9e de prolongements horizontaux.<\/li>\n\n\n\n<li>Les espaces de circulation \u00e0 l&rsquo;int\u00e9rieur de l&rsquo;ERP font au minimum 1,20 m sur l&rsquo;ensemble de l&rsquo;ERP.<\/li>\n\n\n\n<li>A l&rsquo;int\u00e9rieur de l&rsquo;ERP, les parois vitr\u00e9es \u00e9taient d\u00e9j\u00e0 \u00e9quip\u00e9es de barres horizontales \u00e0 1 m 10 de haut, et des vitrophanies ont \u00e9t\u00e9 install\u00e9es sur les parois \u00e0 1 m 60 de haut,<\/li>\n\n\n\n<li>Les rayonnages gris ont \u00e9t\u00e9 \u00e9quip\u00e9s de pastilles jaunes (contraste maximal \u00e0 71%).<\/li>\n\n\n\n<li>Des poteaux de s\u00e9curit\u00e9 \u00e0 glissi\u00e8re emp\u00eachent l&rsquo;acc\u00e8s \u00e0 la kitchenette (espace priv\u00e9 sans porte), et des panneaux PRIV\u00c9 \u00e9quipent les portes donnant acc\u00e8s aux autres espaces priv\u00e9s.<\/li>\n<\/ul>\n\n\n\n<h1 class=\"wp-block-heading\"><strong>PERSONNES PMR (\u00e0 mobilit\u00e9 r\u00e9duite)<\/strong><\/h1>\n\n\n\n<p>Il y a une place de stationnement publique PMR juste en face du MN3, au niveau du 11 rue Roosevelt (\u00e0 moins de 8 m de l&rsquo;ERP). <\/p>\n\n\n\n<p>Cependant, les personnes PMR ne peuvent acc\u00e9der au MN3 du fait de la pr\u00e9sence dans le hall des communs d&rsquo;une vol\u00e9e de marches trop pentue pour installer une rampe amovible (cf. avis favorable de la CCDSA, concernant une demande de d\u00e9rogation pour disproportion manifeste au sujet de la pose d&rsquo;un \u00e9l\u00e9vateur dans les communs de l&rsquo;immeuble).<\/p>\n\n\n\n<p>Des mesures compensatoires leur sont propos\u00e9es : les ateliers cr\u00e9atifs peuvent leur \u00eatre propos\u00e9s dans le lieu et selon les modalit\u00e9s de leur choix.<\/p>\n\n\n\n<h1 class=\"wp-block-heading\"><strong>LES TOUS-PETITS ET LEURS PARENTS<\/strong><\/h1>\n\n\n\n<p>L&rsquo;ERP est \u00e9galement accessible aux tous-petits et \u00e0 leurs parents. Un tapis de change et du linge propre sont disponibles sur demande.<\/p>\n\n\n\n<h1 class=\"wp-block-heading\"><strong>LES FEMMES ET LA PROTECTION MENSTRUELLE<\/strong><\/h1>\n\n\n\n<p>Parce qu&rsquo;il est tr\u00e8s anxiog\u00e8ne pour une femme de se retrouver sans protection menstruelle dans un lieu public, des serviettes hygi\u00e9niques et des tampons sont \u00e9galement disponibles en libre-service dans les toilettes de l&rsquo;ERP.<\/p>\n\n\n\n<div class=\"wp-block-buttons is-layout-flex wp-block-buttons-is-layout-flex\">\n<div class=\"wp-block-button\"><a class=\"wp-block-button__link wp-element-button\" href=\"https:\/\/www.calameo.com\/read\/007781389f5f158be815a\" target=\"_blank\" rel=\"noreferrer noopener\">Notice d&rsquo;accessibilit\u00e9 (demande de mise aux normes)<\/a><\/div>\n\n\n\n<div class=\"wp-block-button\"><a class=\"wp-block-button__link wp-element-button\" href=\"https:\/\/www.calameo.com\/read\/007781389ba424f38074d\" target=\"_blank\" rel=\"noreferrer noopener\">Avis favorable de la CCDSA (d\u00e9rogation \u00e0 l&rsquo;accessibilit\u00e9)<\/a><\/div>\n\n\n\n<div class=\"wp-block-button\"><a class=\"wp-block-button__link wp-element-button\" href=\"https:\/\/www.calameo.com\/read\/007781389ba424f38074d\" target=\"_blank\" rel=\"noreferrer noopener\">Arr\u00eat\u00e9 municipal<\/a><\/div>\n\n\n\n<div class=\"wp-block-button\"><a class=\"wp-block-button__link wp-element-button\" href=\"https:\/\/www.calameo.com\/read\/007781389cdbb563c257f\" target=\"_blank\" rel=\"noreferrer noopener\">Fiche d&rsquo;accessibilit\u00e9<\/a><\/div>\n<\/div>\n\n\n\n<p><\/p>\n","protected":false},"excerpt":{"rendered":"<p>PERSONNES PSH (en situation de handicap) L&rsquo;ERP est accessible aux personnes PSH, \u00e0 l&rsquo;exception des personnes PMR (\u00e0 mobilit\u00e9 r\u00e9duite). Le personnel est sensibilis\u00e9 \u00e0 l&rsquo;accessibilit\u00e9, et s&rsquo;engage \u00e0 suivre une formation \u00e0 ce sujet. Le registre d&rsquo;accessibilit\u00e9 de l&rsquo;ERP est disponible sur demande. Les dispositions suivantes ont \u00e9t\u00e9 prises : PERSONNES PMR (\u00e0 mobilit\u00e9 &hellip; <\/p>\n<p class=\"link-more\"><a href=\"https:\/\/mn3belfort.fr\/?page_id=147\" class=\"more-link\">Continuer la lecture<span class=\"screen-reader-text\"> de &laquo;&nbsp;Accessibilit\u00e9&nbsp;&raquo;<\/span><\/a><\/p>\n","protected":false},"author":1,"featured_media":0,"parent":0,"menu_order":7,"comment_status":"closed","ping_status":"closed","template":"","meta":{"footnotes":""},"class_list":["post-147","page","type-page","status-publish","hentry"],"_links":{"self":[{"href":"https:\/\/mn3belfort.fr\/index.php?rest_route=\/wp\/v2\/pages\/147","targetHints":{"allow":["GET"]}}],"collection":[{"href":"https:\/\/mn3belfort.fr\/index.php?rest_route=\/wp\/v2\/pages"}],"about":[{"href":"https:\/\/mn3belfort.fr\/index.php?rest_route=\/wp\/v2\/types\/page"}],"author":[{"embeddable":true,"href":"https:\/\/mn3belfort.fr\/index.php?rest_route=\/wp\/v2\/users\/1"}],"replies":[{"embeddable":true,"href":"https:\/\/mn3belfort.fr\/index.php?rest_route=%2Fwp%2Fv2%2Fcomments&post=147"}],"version-history":[{"count":20,"href":"https:\/\/mn3belfort.fr\/index.php?rest_route=\/wp\/v2\/pages\/147\/revisions"}],"predecessor-version":[{"id":605,"href":"https:\/\/mn3belfort.fr\/index.php?rest_route=\/wp\/v2\/pages\/147\/revisions\/605"}],"wp:attachment":[{"href":"https:\/\/mn3belfort.fr\/index.php?rest_route=%2Fwp%2Fv2%2Fmedia&parent=147"}],"curies":[{"name":"wp","href":"https:\/\/api.w.org\/{rel}","templated":true}]}}