{"id":1227,"date":"2025-08-24T15:38:25","date_gmt":"2025-08-24T13:38:25","guid":{"rendered":"https:\/\/mn3belfort.fr\/?page_id=1227"},"modified":"2025-08-24T15:38:25","modified_gmt":"2025-08-24T13:38:25","slug":"architectes-de-nos-reves-decor-et-accessoire","status":"publish","type":"page","link":"https:\/\/mn3belfort.fr\/?page_id=1227","title":{"rendered":"Architectes de nos r\u00eaves, d\u00e9cor et accessoire"},"content":{"rendered":"\n<p><\/p>\n\n\n\n<p><\/p>\n\n\n\n<div class=\"wp-block-columns is-layout-flex wp-container-core-columns-is-layout-9d6595d7 wp-block-columns-is-layout-flex\">\n<div class=\"wp-block-column is-layout-flow wp-block-column-is-layout-flow\">\n<p>Le  visuel d&rsquo;Architectes de nos r\u00eaves a \u00e9t\u00e9 r\u00e9alis\u00e9 par par <strong>Tache Macules<\/strong>. Son oeuvre originale s&rsquo;intitule <em>Lune bleue<\/em>. Nous l&rsquo;avons fait imprimer sur notre fonds de sc\u00e8ne. <\/p>\n\n\n\n<figure class=\"wp-block-image size-large\"><img loading=\"lazy\" decoding=\"async\" width=\"600\" height=\"597\" src=\"https:\/\/mn3belfort.fr\/wp-content\/uploads\/2025\/08\/Lune-bleue-par-Tache-macules-600x597.jpg\" alt=\"\" class=\"wp-image-1228\" srcset=\"https:\/\/mn3belfort.fr\/wp-content\/uploads\/2025\/08\/Lune-bleue-par-Tache-macules-600x597.jpg 600w, https:\/\/mn3belfort.fr\/wp-content\/uploads\/2025\/08\/Lune-bleue-par-Tache-macules-300x298.jpg 300w, https:\/\/mn3belfort.fr\/wp-content\/uploads\/2025\/08\/Lune-bleue-par-Tache-macules-150x150.jpg 150w, https:\/\/mn3belfort.fr\/wp-content\/uploads\/2025\/08\/Lune-bleue-par-Tache-macules-768x764.jpg 768w, https:\/\/mn3belfort.fr\/wp-content\/uploads\/2025\/08\/Lune-bleue-par-Tache-macules-1536x1527.jpg 1536w, https:\/\/mn3belfort.fr\/wp-content\/uploads\/2025\/08\/Lune-bleue-par-Tache-macules-2048x2037.jpg 2048w, https:\/\/mn3belfort.fr\/wp-content\/uploads\/2025\/08\/Lune-bleue-par-Tache-macules-100x100.jpg 100w\" sizes=\"auto, (max-width: 600px) 100vw, 600px\" \/><\/figure>\n<\/div>\n\n\n\n<div class=\"wp-block-column is-layout-flow wp-block-column-is-layout-flow\">\n<p>L\u2019accessoire lune-galette a \u00e9t\u00e9 cr\u00e9\u00e9 par <strong>Chlo\u00e9 Bilger<\/strong>.<\/p>\n\n\n\n<figure class=\"wp-block-image size-large\"><img loading=\"lazy\" decoding=\"async\" width=\"414\" height=\"600\" src=\"https:\/\/mn3belfort.fr\/wp-content\/uploads\/2025\/08\/Lune-galette-par-Chloe-Bilger-414x600.jpg\" alt=\"\" class=\"wp-image-1229\" srcset=\"https:\/\/mn3belfort.fr\/wp-content\/uploads\/2025\/08\/Lune-galette-par-Chloe-Bilger-414x600.jpg 414w, https:\/\/mn3belfort.fr\/wp-content\/uploads\/2025\/08\/Lune-galette-par-Chloe-Bilger-207x300.jpg 207w, https:\/\/mn3belfort.fr\/wp-content\/uploads\/2025\/08\/Lune-galette-par-Chloe-Bilger.jpg 426w\" sizes=\"auto, (max-width: 414px) 100vw, 414px\" \/><\/figure>\n<\/div>\n<\/div>\n\n\n\n<p><\/p>\n\n\n\n<p><\/p>\n","protected":false},"excerpt":{"rendered":"<p>Le visuel d&rsquo;Architectes de nos r\u00eaves a \u00e9t\u00e9 r\u00e9alis\u00e9 par par Tache Macules. Son oeuvre originale s&rsquo;intitule Lune bleue. Nous l&rsquo;avons fait imprimer sur notre fonds de sc\u00e8ne. L\u2019accessoire lune-galette a \u00e9t\u00e9 cr\u00e9\u00e9 par Chlo\u00e9 Bilger.<\/p>\n","protected":false},"author":1,"featured_media":0,"parent":0,"menu_order":0,"comment_status":"closed","ping_status":"closed","template":"","meta":{"footnotes":""},"class_list":["post-1227","page","type-page","status-publish","hentry"],"_links":{"self":[{"href":"https:\/\/mn3belfort.fr\/index.php?rest_route=\/wp\/v2\/pages\/1227","targetHints":{"allow":["GET"]}}],"collection":[{"href":"https:\/\/mn3belfort.fr\/index.php?rest_route=\/wp\/v2\/pages"}],"about":[{"href":"https:\/\/mn3belfort.fr\/index.php?rest_route=\/wp\/v2\/types\/page"}],"author":[{"embeddable":true,"href":"https:\/\/mn3belfort.fr\/index.php?rest_route=\/wp\/v2\/users\/1"}],"replies":[{"embeddable":true,"href":"https:\/\/mn3belfort.fr\/index.php?rest_route=%2Fwp%2Fv2%2Fcomments&post=1227"}],"version-history":[{"count":1,"href":"https:\/\/mn3belfort.fr\/index.php?rest_route=\/wp\/v2\/pages\/1227\/revisions"}],"predecessor-version":[{"id":1231,"href":"https:\/\/mn3belfort.fr\/index.php?rest_route=\/wp\/v2\/pages\/1227\/revisions\/1231"}],"wp:attachment":[{"href":"https:\/\/mn3belfort.fr\/index.php?rest_route=%2Fwp%2Fv2%2Fmedia&parent=1227"}],"curies":[{"name":"wp","href":"https:\/\/api.w.org\/{rel}","templated":true}]}}