{"id":1178,"date":"2025-08-24T11:55:42","date_gmt":"2025-08-24T09:55:42","guid":{"rendered":"https:\/\/mn3belfort.fr\/?page_id=1178"},"modified":"2025-08-26T22:38:22","modified_gmt":"2025-08-26T20:38:22","slug":"architectes-de-nos-reves-fiche-tarifaire","status":"publish","type":"page","link":"https:\/\/mn3belfort.fr\/?page_id=1178","title":{"rendered":"Architectes de nos r\u00eaves, fiche tarifaire"},"content":{"rendered":"\n<p><\/p>\n\n\n\n<p>Les lectures musicales propos\u00e9es par Architectes de nos r\u00eaves durent en moyenne 30 minutes.<\/p>\n\n\n\n<p><strong>Tarif horaire brut <\/strong>(recommand\u00e9 par la DRAC pour les interventions artistiques) : <strong>60\u20ac par artiste.<\/strong><\/p>\n\n\n\n<p>Il y a plusieurs niveaux de tarification, correspondant \u00e0 :<\/p>\n\n\n\n<ul class=\"wp-block-list\">\n<li><strong>Formule de base <\/strong>: un concert de 30 minutes<\/li>\n\n\n\n<li><strong>Formule Concert \/ rencontre<\/strong> : un concert de 30 minutes suivi d&rsquo;une rencontre de 30 minutes<\/li>\n\n\n\n<li><strong>Formule Concert \/ rencontre \/ atelier<\/strong> : un concert de 30 minutes suivi d&rsquo;une rencontre et d&rsquo;un atelier cr\u00e9atif, sur 3h<\/li>\n\n\n\n<li><strong>Formule Cr\u00e9ation de lecture musicale sur mesure<\/strong> (combinable avec les trois autres formules, tarification sur demande, en fonction du projet)<\/li>\n<\/ul>\n\n\n\n<p><\/p>\n\n\n\n<details class=\"wp-block-details is-layout-flow wp-block-details-is-layout-flow\"><summary><strong>Formule de base<\/strong><\/summary>\n<p><\/p>\n\n\n\n<p>Elle inclut :<\/p>\n\n\n\n<ul class=\"wp-block-list\">\n<li>une r\u00e9p\u00e9tition (30 min.)<\/li>\n\n\n\n<li>le temps d&rsquo;installation du fonds de sc\u00e8ne et du mat\u00e9riel, les balances \u00e9ventuelles s&rsquo;il y a sonorisation (1h)<\/li>\n\n\n\n<li>la repr\u00e9sentation (30 min.)<\/li>\n\n\n\n<li>le temps de d\u00e9sinstallation (30 minutes)<\/li>\n\n\n\n<li>les frais de d\u00e9placement, de bouche et d&rsquo;h\u00e9bergement  en fonction de l&rsquo;\u00e9loignement du lieu des prestations<\/li>\n<\/ul>\n\n\n\n<p><strong>Formule de base : 150\u20ac brut par artiste, soit 300\u20ac au total<\/strong> (+ les frais de d\u00e9placement, de bouche et d&rsquo;h\u00e9bergement)<\/p>\n\n\n\n<p><strong>Tarif d\u00e9gressif pour plusieurs repr\u00e9sentations :<\/strong><\/p>\n\n\n\n<ul class=\"wp-block-list\">\n<li>2 repr\u00e9sentations sur une m\u00eame demi-journ\u00e9e : 180\u20ac par artiste, soit 360\u20ac au total (+ les frais de d\u00e9placement, de bouche et d&rsquo;h\u00e9bergement)<\/li>\n\n\n\n<li>4 repr\u00e9sentations sur une journ\u00e9e : 240\u20ac par artiste, soit 480\u20ac au total (+ les frais de d\u00e9placement, de bouche et d&rsquo;h\u00e9bergement)<\/li>\n\n\n\n<li>sur plusieurs journ\u00e9es : tarification sur demande<\/li>\n<\/ul>\n<\/details>\n\n\n\n<details class=\"wp-block-details is-layout-flow wp-block-details-is-layout-flow\"><summary><strong>Formule Concert \/ rencontre<\/strong><\/summary>\n<p><\/p>\n\n\n\n<p>Elle inclut :<\/p>\n\n\n\n<ul class=\"wp-block-list\">\n<li>une r\u00e9p\u00e9tition (30 min.)<\/li>\n\n\n\n<li>le temps d&rsquo;installation du fonds de sc\u00e8ne et du mat\u00e9riel, les balances \u00e9ventuelles s&rsquo;il y a sonorisation (1h)<\/li>\n\n\n\n<li>la repr\u00e9sentation (30 min.)<\/li>\n\n\n\n<li>la rencontre (30 min.)<\/li>\n\n\n\n<li>le temps de d\u00e9sinstallation (30 minutes)<\/li>\n\n\n\n<li>les frais de d\u00e9placement, de bouche et d&rsquo;h\u00e9bergement  en fonction de l&rsquo;\u00e9loignement du lieu des prestations<\/li>\n<\/ul>\n\n\n\n<p><strong>Formule Concert \/ rencontre : 180\u20ac brut par artiste, soit 360\u20ac au total<\/strong> (+ les frais de d\u00e9placement, de bouche et d&rsquo;h\u00e9bergement)<\/p>\n\n\n\n<p><strong>Tarif d\u00e9gressif pour plusieurs repr\u00e9sentations :<\/strong><\/p>\n\n\n\n<ul class=\"wp-block-list\">\n<li>2 repr\u00e9sentations sur une m\u00eame demi-journ\u00e9e : 240\u20ac par artiste, soit 480\u20ac au total (+ les frais de d\u00e9placement, de bouche et d&rsquo;h\u00e9bergement)<\/li>\n\n\n\n<li>4 repr\u00e9sentations sur une journ\u00e9e : 360\u20ac par artiste, soit 720\u20ac au total (+ les frais de d\u00e9placement, de bouche et d&rsquo;h\u00e9bergement)<\/li>\n\n\n\n<li>sur plusieurs journ\u00e9es : tarification sur demande<\/li>\n<\/ul>\n<\/details>\n\n\n\n<details class=\"wp-block-details is-layout-flow wp-block-details-is-layout-flow\"><summary><strong>Formule Concert \/ rencontre \/ atelier<\/strong><\/summary>\n<p><\/p>\n\n\n\n<p>Elle inclut :<\/p>\n\n\n\n<ul class=\"wp-block-list\">\n<li>une r\u00e9p\u00e9tition (30 min.)<\/li>\n\n\n\n<li>le temps d&rsquo;installation du fonds de sc\u00e8ne et du mat\u00e9riel, les balances \u00e9ventuelles s&rsquo;il y a sonorisation (1h)<\/li>\n\n\n\n<li>la repr\u00e9sentation (30 min.)<\/li>\n\n\n\n<li>la rencontre (30 min.)<\/li>\n\n\n\n<li>un atelier cr\u00e9atif avec Ang\u00e8le Casanova et S\u00e9verine Nest (2h). Jauge maximum : 10 participants.<\/li>\n\n\n\n<li>le temps de d\u00e9sinstallation (30 minutes)<\/li>\n\n\n\n<li>les frais de d\u00e9placement, de bouche et d&rsquo;h\u00e9bergement en fonction de l&rsquo;\u00e9loignement du lieu des prestations<\/li>\n<\/ul>\n\n\n\n<p><strong>Formule Concert \/ rencontre \/ atelier : 300\u20ac brut par artiste, soit 600\u20ac au total<\/strong> (+ les frais de d\u00e9placement, de bouche et d&rsquo;h\u00e9bergement)<\/p>\n\n\n\n<p><strong>Tarif d\u00e9gressif pour plusieurs formules Concert \/ rencontre \/ atelier :<\/strong><\/p>\n\n\n\n<ul class=\"wp-block-list\">\n<li>sur une journ\u00e9e compl\u00e8te (8h) : 480\u20ac par artiste, soit 960\u20ac au total (+ les frais de d\u00e9placement, de bouche et d&rsquo;h\u00e9bergement)<\/li>\n\n\n\n<li>sur 2 jours (14h pour 4 formules) : 840\u20ac par artiste, soit 1680\u20ac au total (+ les frais de d\u00e9placement, de bouche et d&rsquo;h\u00e9bergement)<\/li>\n\n\n\n<li>sur 3 jours (20h pour 6 formules) : 1200\u20ac par artiste, soit 2400\u20ac au total (+ les frais de d\u00e9placement, de bouche et d&rsquo;h\u00e9bergement)<\/li>\n<\/ul>\n<\/details>\n\n\n\n<details class=\"wp-block-details is-layout-flow wp-block-details-is-layout-flow\"><summary><strong>D\u00e9clarations \u00e0 la SACEM<\/strong><\/summary>\n<p><\/p>\n\n\n\n<p>Le groupe Architectes de nos r\u00eaves est d\u00e9clar\u00e9 \u00e0 la SACEM.<\/p>\n\n\n\n<p class=\"has-text-align-center\"><strong>ARCHITECTES DE NOS REVES :<\/strong> IPI : 1285109353<\/p>\n\n\n\n<p class=\"has-text-align-center\"><strong>ANGELE CASANOVA :<\/strong> IPI : 1263280271, COAD : 1956485<\/p>\n\n\n\n<p class=\"has-text-align-center\"><strong>SEVERINE NEST :<\/strong> IPI : 1283856319, COAD : 2004616<\/p>\n\n\n\n<p class=\"has-text-align-left\">Lors de votre d\u00e9claration, il vous suffit de d\u00e9clarer le num\u00e9ro du programme concern\u00e9 :<\/p>\n\n\n\n<ul class=\"wp-block-list\">\n<li>Ronde galette brillante : 30000179802<\/li>\n\n\n\n<li>La colo, c&rsquo;est super. Et vous, \u00e7a va ?  : en attente<\/li>\n\n\n\n<li>Mais qui sont donc tous ces gens ? : en attente<\/li>\n<\/ul>\n<\/details>\n\n\n\n<div class=\"wp-block-columns is-layout-flex wp-container-core-columns-is-layout-9d6595d7 wp-block-columns-is-layout-flex\">\n<div class=\"wp-block-column is-layout-flow wp-block-column-is-layout-flow\"><\/div>\n\n\n\n<div class=\"wp-block-column is-layout-flow wp-block-column-is-layout-flow\"><\/div>\n<\/div>\n\n\n\n<p><\/p>\n\n\n\n<p><\/p>\n","protected":false},"excerpt":{"rendered":"<p>Les lectures musicales propos\u00e9es par Architectes de nos r\u00eaves durent en moyenne 30 minutes. Tarif horaire brut (recommand\u00e9 par la DRAC pour les interventions artistiques) : 60\u20ac par artiste. Il y a plusieurs niveaux de tarification, correspondant \u00e0 :<\/p>\n","protected":false},"author":1,"featured_media":0,"parent":0,"menu_order":0,"comment_status":"closed","ping_status":"closed","template":"","meta":{"footnotes":""},"class_list":["post-1178","page","type-page","status-publish","hentry"],"_links":{"self":[{"href":"https:\/\/mn3belfort.fr\/index.php?rest_route=\/wp\/v2\/pages\/1178","targetHints":{"allow":["GET"]}}],"collection":[{"href":"https:\/\/mn3belfort.fr\/index.php?rest_route=\/wp\/v2\/pages"}],"about":[{"href":"https:\/\/mn3belfort.fr\/index.php?rest_route=\/wp\/v2\/types\/page"}],"author":[{"embeddable":true,"href":"https:\/\/mn3belfort.fr\/index.php?rest_route=\/wp\/v2\/users\/1"}],"replies":[{"embeddable":true,"href":"https:\/\/mn3belfort.fr\/index.php?rest_route=%2Fwp%2Fv2%2Fcomments&post=1178"}],"version-history":[{"count":15,"href":"https:\/\/mn3belfort.fr\/index.php?rest_route=\/wp\/v2\/pages\/1178\/revisions"}],"predecessor-version":[{"id":1291,"href":"https:\/\/mn3belfort.fr\/index.php?rest_route=\/wp\/v2\/pages\/1178\/revisions\/1291"}],"wp:attachment":[{"href":"https:\/\/mn3belfort.fr\/index.php?rest_route=%2Fwp%2Fv2%2Fmedia&parent=1178"}],"curies":[{"name":"wp","href":"https:\/\/api.w.org\/{rel}","templated":true}]}}