{"id":1083,"date":"2025-03-14T13:54:17","date_gmt":"2025-03-14T12:54:17","guid":{"rendered":"https:\/\/mn3belfort.fr\/?page_id=1083"},"modified":"2026-03-01T13:52:53","modified_gmt":"2026-03-01T12:52:53","slug":"dates-de-concerts","status":"publish","type":"page","link":"https:\/\/mn3belfort.fr\/dates-de-concerts\/","title":{"rendered":"Architectes de nos r\u00eaves, dates de concerts"},"content":{"rendered":"\n<p><\/p>\n\n\n\n<figure class=\"wp-block-gallery has-nested-images columns-default is-cropped wp-block-gallery-1 is-layout-flex wp-block-gallery-is-layout-flex\">\n<figure class=\"wp-block-image size-large\"><img loading=\"lazy\" decoding=\"async\" width=\"600\" height=\"450\" data-id=\"1216\" src=\"https:\/\/mn3belfort.fr\/wp-content\/uploads\/2025\/08\/469468198_122110634060621677_2695340963833960920_n-600x450.jpg\" alt=\"\" class=\"wp-image-1216\" srcset=\"https:\/\/mn3belfort.fr\/wp-content\/uploads\/2025\/08\/469468198_122110634060621677_2695340963833960920_n-600x450.jpg 600w, https:\/\/mn3belfort.fr\/wp-content\/uploads\/2025\/08\/469468198_122110634060621677_2695340963833960920_n-300x225.jpg 300w, https:\/\/mn3belfort.fr\/wp-content\/uploads\/2025\/08\/469468198_122110634060621677_2695340963833960920_n-768x576.jpg 768w, https:\/\/mn3belfort.fr\/wp-content\/uploads\/2025\/08\/469468198_122110634060621677_2695340963833960920_n-1536x1152.jpg 1536w, https:\/\/mn3belfort.fr\/wp-content\/uploads\/2025\/08\/469468198_122110634060621677_2695340963833960920_n.jpg 2016w\" sizes=\"auto, (max-width: 600px) 100vw, 600px\" \/><\/figure>\n\n\n\n<figure class=\"wp-block-image size-large\"><img loading=\"lazy\" decoding=\"async\" width=\"450\" height=\"600\" data-id=\"1219\" src=\"https:\/\/mn3belfort.fr\/wp-content\/uploads\/2025\/08\/481077965_650640160825902_704865856578488910_n-1-450x600.jpg\" alt=\"\" class=\"wp-image-1219\" srcset=\"https:\/\/mn3belfort.fr\/wp-content\/uploads\/2025\/08\/481077965_650640160825902_704865856578488910_n-1-450x600.jpg 450w, https:\/\/mn3belfort.fr\/wp-content\/uploads\/2025\/08\/481077965_650640160825902_704865856578488910_n-1-225x300.jpg 225w, https:\/\/mn3belfort.fr\/wp-content\/uploads\/2025\/08\/481077965_650640160825902_704865856578488910_n-1.jpg 768w\" sizes=\"auto, (max-width: 450px) 100vw, 450px\" \/><\/figure>\n\n\n\n<figure class=\"wp-block-image size-large\"><img loading=\"lazy\" decoding=\"async\" width=\"414\" height=\"600\" data-id=\"1222\" src=\"https:\/\/mn3belfort.fr\/wp-content\/uploads\/2025\/08\/Vignette-verticale-414x600.jpg\" alt=\"\" class=\"wp-image-1222\" srcset=\"https:\/\/mn3belfort.fr\/wp-content\/uploads\/2025\/08\/Vignette-verticale-414x600.jpg 414w, https:\/\/mn3belfort.fr\/wp-content\/uploads\/2025\/08\/Vignette-verticale-207x300.jpg 207w, https:\/\/mn3belfort.fr\/wp-content\/uploads\/2025\/08\/Vignette-verticale.jpg 426w\" sizes=\"auto, (max-width: 414px) 100vw, 414px\" \/><\/figure>\n\n\n\n<figure class=\"wp-block-image size-large\"><img loading=\"lazy\" decoding=\"async\" width=\"600\" height=\"600\" data-id=\"1220\" src=\"https:\/\/mn3belfort.fr\/wp-content\/uploads\/2025\/08\/493703528_122131657250621677_5087755840248792363_n-600x600.jpg\" alt=\"\" class=\"wp-image-1220\" srcset=\"https:\/\/mn3belfort.fr\/wp-content\/uploads\/2025\/08\/493703528_122131657250621677_5087755840248792363_n-600x600.jpg 600w, https:\/\/mn3belfort.fr\/wp-content\/uploads\/2025\/08\/493703528_122131657250621677_5087755840248792363_n-300x300.jpg 300w, https:\/\/mn3belfort.fr\/wp-content\/uploads\/2025\/08\/493703528_122131657250621677_5087755840248792363_n-150x150.jpg 150w, https:\/\/mn3belfort.fr\/wp-content\/uploads\/2025\/08\/493703528_122131657250621677_5087755840248792363_n-768x768.jpg 768w, https:\/\/mn3belfort.fr\/wp-content\/uploads\/2025\/08\/493703528_122131657250621677_5087755840248792363_n-100x100.jpg 100w, https:\/\/mn3belfort.fr\/wp-content\/uploads\/2025\/08\/493703528_122131657250621677_5087755840248792363_n.jpg 1280w\" sizes=\"auto, (max-width: 600px) 100vw, 600px\" \/><\/figure>\n\n\n\n<figure class=\"wp-block-image size-large\"><img loading=\"lazy\" decoding=\"async\" width=\"450\" height=\"600\" data-id=\"1221\" src=\"https:\/\/mn3belfort.fr\/wp-content\/uploads\/2025\/08\/504651224_122136488672621677_8291049539461774244_n-450x600.jpg\" alt=\"\" class=\"wp-image-1221\" srcset=\"https:\/\/mn3belfort.fr\/wp-content\/uploads\/2025\/08\/504651224_122136488672621677_8291049539461774244_n-450x600.jpg 450w, https:\/\/mn3belfort.fr\/wp-content\/uploads\/2025\/08\/504651224_122136488672621677_8291049539461774244_n-225x300.jpg 225w, https:\/\/mn3belfort.fr\/wp-content\/uploads\/2025\/08\/504651224_122136488672621677_8291049539461774244_n-768x1024.jpg 768w, https:\/\/mn3belfort.fr\/wp-content\/uploads\/2025\/08\/504651224_122136488672621677_8291049539461774244_n-1152x1536.jpg 1152w, https:\/\/mn3belfort.fr\/wp-content\/uploads\/2025\/08\/504651224_122136488672621677_8291049539461774244_n.jpg 1344w\" sizes=\"auto, (max-width: 450px) 100vw, 450px\" \/><\/figure>\n<\/figure>\n\n\n\n<p><\/p>\n\n\n\n<ul class=\"wp-block-list\">\n<li>Vendredi 11 octobre 2024, 18h30, <strong>Magasin num\u00e9ro 3<\/strong> (Belfort) : <em>Ronde galette brillante <\/em>(<strong>Nuit des arts<\/strong>)<\/li>\n\n\n\n<li>Dimanche 15 d\u00e9cembre 2024, 15h, <strong>Territoire d&rsquo;artistes<\/strong> (Belfort) : <em>Ronde galette brillante<\/em><\/li>\n\n\n\n<li>Dimanche 12 janvier 2025, 18h, <strong>Pinky Bar <\/strong>(Nommay) : <em>Ronde galette brillante<\/em><\/li>\n\n\n\n<li>Samedi 24 janvier 2025, 10h30, <strong>M\u00e9diath\u00e8que de Delle<\/strong> (Delle) : lecture musicale sp\u00e9ciale <strong>Nuit de la lecture<\/strong> (th\u00e8me : les patrimoines, tout public)<\/li>\n\n\n\n<li>Samedi 12 avril 2025, 16h, <strong>Magasin num\u00e9ro 3<\/strong> (Belfort) : <em><em>Ronde galette brillante<\/em><\/em> (<strong>Printemps des po\u00e8tes<\/strong>)<\/li>\n\n\n\n<li>Dimanche 4 et dimanche 11 mai 2025, 10h-18h : r\u00e9sidence de cr\u00e9ation de spectacle \u00e0 la <strong>Poudri\u00e8re<\/strong> (Belfort) pour <em><em>Ronde galette brillante<\/em> <\/em><\/li>\n\n\n\n<li>Samedi 7 et dimanche 8 juin 2025, 15h15, <strong>Maison de quartier de la Vieille Ville<\/strong> (Belfort) : <strong>FIMU des enfants<\/strong><\/li>\n\n\n\n<li>Vendredi 10 octobre 2025, 18h, <strong>Magasin num\u00e9ro 3<\/strong> (Belfort) : <em>La colo, c&rsquo;est super. Et vous, \u00e7a va ? Lettres et cartes postales dans les albums pour enfants<\/em> (<strong>Nuit des arts<\/strong>, public familial)<\/li>\n\n\n\n<li>Vendredi 10 octobre 2025, 18h, <strong>Magasin num\u00e9ro 3<\/strong> (Belfort) : <em>Mais qui  sont donc tous ces gens ? Cartes postales et photos de famille<\/em> (<strong>Nuit des arts<\/strong>, public adulte)<\/li>\n<\/ul>\n\n\n\n<p><\/p>\n","protected":false},"excerpt":{"rendered":"","protected":false},"author":1,"featured_media":0,"parent":0,"menu_order":0,"comment_status":"closed","ping_status":"closed","template":"","meta":{"footnotes":""},"class_list":["post-1083","page","type-page","status-publish","hentry"],"_links":{"self":[{"href":"https:\/\/mn3belfort.fr\/wp-json\/wp\/v2\/pages\/1083","targetHints":{"allow":["GET"]}}],"collection":[{"href":"https:\/\/mn3belfort.fr\/wp-json\/wp\/v2\/pages"}],"about":[{"href":"https:\/\/mn3belfort.fr\/wp-json\/wp\/v2\/types\/page"}],"author":[{"embeddable":true,"href":"https:\/\/mn3belfort.fr\/wp-json\/wp\/v2\/users\/1"}],"replies":[{"embeddable":true,"href":"https:\/\/mn3belfort.fr\/wp-json\/wp\/v2\/comments?post=1083"}],"version-history":[{"count":16,"href":"https:\/\/mn3belfort.fr\/wp-json\/wp\/v2\/pages\/1083\/revisions"}],"predecessor-version":[{"id":1372,"href":"https:\/\/mn3belfort.fr\/wp-json\/wp\/v2\/pages\/1083\/revisions\/1372"}],"wp:attachment":[{"href":"https:\/\/mn3belfort.fr\/wp-json\/wp\/v2\/media?parent=1083"}],"curies":[{"name":"wp","href":"https:\/\/api.w.org\/{rel}","templated":true}]}}